{"id":224,"date":"2022-05-31T17:26:58","date_gmt":"2022-05-31T15:26:58","guid":{"rendered":"https:\/\/www.nordmeer-und-mehr.de\/?page_id=224"},"modified":"2022-06-24T01:32:02","modified_gmt":"2022-06-23T23:32:02","slug":"das-schiff","status":"publish","type":"page","link":"https:\/\/www.nordmeer-und-mehr.de\/index.php\/das-schiff\/","title":{"rendered":"Das Schiff"},"content":{"rendered":"\n<p>Das Schiff ist eine Catalina 36 aus dem Jahr 1985. Damals wu\u00dfte man noch nicht, wie d\u00fcnn man GFK verarbeiten kann: W\u00e4nde sind 5mm stark, was einem ein gutes Gef\u00fchl gibt. Sie hat einen Fl\u00fcgelkiel, der mit einer Tiefe von 1,37m auskommt. Ausger\u00fcstet ist es mit<\/p>\n\n\n\n<ul class=\"wp-block-list\"><li>Raymarine Autopilot (inkl. Steuerung, Windsteuerung,  Doppler-Radar, Plotter)<\/li><li>Ukw Seefunk, Marine-Kurzwellenfunk<\/li><li>AIS<\/li><li>aktiver Radar-Reflektor<\/li><\/ul>\n\n\n\n<figure class=\"wp-block-image size-large\"><img loading=\"lazy\" decoding=\"async\" width=\"512\" height=\"1024\" src=\"https:\/\/www.nordmeer-und-mehr.de\/wp-content\/uploads\/2022\/06\/IMG_20220622_114553-512x1024.jpg\" alt=\"\" class=\"wp-image-556\" srcset=\"https:\/\/www.nordmeer-und-mehr.de\/wp-content\/uploads\/2022\/06\/IMG_20220622_114553-512x1024.jpg 512w, https:\/\/www.nordmeer-und-mehr.de\/wp-content\/uploads\/2022\/06\/IMG_20220622_114553-150x300.jpg 150w, https:\/\/www.nordmeer-und-mehr.de\/wp-content\/uploads\/2022\/06\/IMG_20220622_114553-768x1536.jpg 768w, https:\/\/www.nordmeer-und-mehr.de\/wp-content\/uploads\/2022\/06\/IMG_20220622_114553-1024x2048.jpg 1024w, https:\/\/www.nordmeer-und-mehr.de\/wp-content\/uploads\/2022\/06\/IMG_20220622_114553-850x1700.jpg 850w, https:\/\/www.nordmeer-und-mehr.de\/wp-content\/uploads\/2022\/06\/IMG_20220622_114553-scaled.jpg 1280w\" sizes=\"auto, (max-width: 512px) 100vw, 512px\" \/><\/figure>\n\n\n\n<figure class=\"wp-block-image size-large\"><img loading=\"lazy\" decoding=\"async\" width=\"512\" height=\"1024\" src=\"https:\/\/www.nordmeer-und-mehr.de\/wp-content\/uploads\/2022\/06\/IMG_20220622_114301-512x1024.jpg\" alt=\"\" class=\"wp-image-557\" srcset=\"https:\/\/www.nordmeer-und-mehr.de\/wp-content\/uploads\/2022\/06\/IMG_20220622_114301-512x1024.jpg 512w, https:\/\/www.nordmeer-und-mehr.de\/wp-content\/uploads\/2022\/06\/IMG_20220622_114301-150x300.jpg 150w, https:\/\/www.nordmeer-und-mehr.de\/wp-content\/uploads\/2022\/06\/IMG_20220622_114301-768x1536.jpg 768w, https:\/\/www.nordmeer-und-mehr.de\/wp-content\/uploads\/2022\/06\/IMG_20220622_114301-1024x2048.jpg 1024w, https:\/\/www.nordmeer-und-mehr.de\/wp-content\/uploads\/2022\/06\/IMG_20220622_114301-850x1700.jpg 850w, https:\/\/www.nordmeer-und-mehr.de\/wp-content\/uploads\/2022\/06\/IMG_20220622_114301-scaled.jpg 1280w\" sizes=\"auto, (max-width: 512px) 100vw, 512px\" \/><\/figure>\n","protected":false},"excerpt":{"rendered":"<p>Das Schiff ist eine Catalina 36 aus dem Jahr 1985. Damals wu\u00dfte man noch nicht, wie d\u00fcnn man GFK verarbeiten kann: W\u00e4nde sind&hellip;<\/p>\n","protected":false},"author":1,"featured_media":0,"parent":0,"menu_order":0,"comment_status":"closed","ping_status":"closed","template":"","meta":{"footnotes":""},"class_list":["post-224","page","type-page","status-publish","hentry"],"_links":{"self":[{"href":"https:\/\/www.nordmeer-und-mehr.de\/index.php\/wp-json\/wp\/v2\/pages\/224","targetHints":{"allow":["GET"]}}],"collection":[{"href":"https:\/\/www.nordmeer-und-mehr.de\/index.php\/wp-json\/wp\/v2\/pages"}],"about":[{"href":"https:\/\/www.nordmeer-und-mehr.de\/index.php\/wp-json\/wp\/v2\/types\/page"}],"author":[{"embeddable":true,"href":"https:\/\/www.nordmeer-und-mehr.de\/index.php\/wp-json\/wp\/v2\/users\/1"}],"replies":[{"embeddable":true,"href":"https:\/\/www.nordmeer-und-mehr.de\/index.php\/wp-json\/wp\/v2\/comments?post=224"}],"version-history":[{"count":5,"href":"https:\/\/www.nordmeer-und-mehr.de\/index.php\/wp-json\/wp\/v2\/pages\/224\/revisions"}],"predecessor-version":[{"id":558,"href":"https:\/\/www.nordmeer-und-mehr.de\/index.php\/wp-json\/wp\/v2\/pages\/224\/revisions\/558"}],"wp:attachment":[{"href":"https:\/\/www.nordmeer-und-mehr.de\/index.php\/wp-json\/wp\/v2\/media?parent=224"}],"curies":[{"name":"wp","href":"https:\/\/api.w.org\/{rel}","templated":true}]}}