{"id":260,"date":"2022-06-01T06:36:51","date_gmt":"2022-06-01T04:36:51","guid":{"rendered":"https:\/\/www.nordmeer-und-mehr.de\/?page_id=260"},"modified":"2022-06-01T14:27:30","modified_gmt":"2022-06-01T12:27:30","slug":"tour-2022","status":"publish","type":"page","link":"https:\/\/www.nordmeer-und-mehr.de\/index.php\/tour-2022\/","title":{"rendered":"Tour 2022"},"content":{"rendered":"\n<blockquote class=\"wp-block-quote is-style-default is-layout-flow wp-block-quote-is-layout-flow\" style=\"font-style:italic;font-weight:200\"><p><em>Same same  &#8211; but different<\/em><\/p><\/blockquote>\n\n\n\n<p>Die Tour in diesem Jahr soll nat\u00fcrlich anders sein, als die vorherige &#8211; aber eben doch nicht ganz. In 2020 kamen wir weder nach Ittoqqortoormiit noch nach Jan-Mayen. Ittoqqortoormiit war &#8220;r\u00e4umlich&#8221; getrennt &#8211; und zwar durch eine dicke Eisschicht. <\/p>\n\n\n\n<p>Auch Jan-Mayen wollten wir besuchen. Anmeldung, Genehmigung und Kurs &#8211; alles war vorbereitet &#8211; doch lie\u00dfen Wind und Wellen uns \u00fcber mehrere Tage nicht nach S\u00fcden navigieren, weshalb wir im Norden der Insel an Jan-Mayen vorbei fahren mussten. <\/p>\n\n\n\n<p>Auch wenn ich w\u00e4hrend der letzten Tour nicht nur einmal Fl\u00fcge ins Warme gecheckt habe, war mein fordernder Kommentar nach der Tour <\/p>\n\n\n\n<blockquote class=\"wp-block-quote has-text-align-right is-layout-flow wp-block-quote-is-layout-flow\" style=\"font-style:italic;font-weight:200\"><p>Strenggenommen haben wir unsere Ziele nicht erreicht &#8211; jedenfalls nicht zufriedenstellend.<\/p><cite>(ABr)<\/cite><\/blockquote>\n\n\n<div class=\"wp-block-image\">\n<figure class=\"aligncenter size-large\"><img loading=\"lazy\" decoding=\"async\" width=\"1024\" height=\"641\" src=\"https:\/\/www.nordmeer-und-mehr.de\/wp-content\/uploads\/2022\/06\/nordmeer_2022_navionics_tour_overview-1024x641.jpg\" alt=\"Tour 2022\" class=\"wp-image-276\" srcset=\"https:\/\/www.nordmeer-und-mehr.de\/wp-content\/uploads\/2022\/06\/nordmeer_2022_navionics_tour_overview-1024x641.jpg 1024w, https:\/\/www.nordmeer-und-mehr.de\/wp-content\/uploads\/2022\/06\/nordmeer_2022_navionics_tour_overview-300x188.jpg 300w, https:\/\/www.nordmeer-und-mehr.de\/wp-content\/uploads\/2022\/06\/nordmeer_2022_navionics_tour_overview-768x481.jpg 768w, https:\/\/www.nordmeer-und-mehr.de\/wp-content\/uploads\/2022\/06\/nordmeer_2022_navionics_tour_overview-850x532.jpg 850w, https:\/\/www.nordmeer-und-mehr.de\/wp-content\/uploads\/2022\/06\/nordmeer_2022_navionics_tour_overview.jpg 1130w\" sizes=\"auto, (max-width: 1024px) 100vw, 1024px\" \/><figcaption>Nordmeer-Tour-2022<\/figcaption><\/figure>\n<\/div>\n\n\n<p>Was ich auf keinen Fall mehr wollte: Zeitdruck. 2020 wurde unbezahlter Urlaub nicht genehmigt. Durch Verz\u00f6gerungen lief es letztendlich so, dass wir nachmittags in B\u00f3do einliefen, ich abends noch nach Oslo flog, die Nacht am Flughafen verbrachte und am n\u00e4chsten Mittag gegen 14 Uhr wieder am Schreibtisch im B\u00fcro sa\u00df &#8211; der Urlaub war ja aufgebraucht. Mir war im Vorfeld wichtig, dass wir zumindest die m\u00fcndliche \u00dcbereinkunft trafen, dass man notfalls (nicht regul\u00e4r) Absprachen treffen k\u00f6nne, wenn man doch unabsehbar einen halben Tag oder Tag frei ben\u00f6tige. F\u00fcr eine Beerdigung, zu der ich gehen wollte, nahm ich mir nach Absprache dann sogar f\u00fcr zwei N\u00e4chte ein Zimmer vor Ort, da ich so zuverl\u00e4ssiger am Tag selbst noch remote arbeiten konnte und nicht im Stau oder Zug h\u00e4nge und somit den ganzen Tag ausfallen w\u00fcrde. Dies wurde als Versuch bewertet, ein langes Wochenende daraus machen zu wollen&#8230;<\/p>\n\n\n\n<p>Ebenso wurde ich kurz vor der Fahrt gefragt, was denn sei, wenn es wieder einen harten Lockdown g\u00e4be und ich nicht per Flug zur\u00fcck k\u00e4me. Mein Angebot, das Notebook mitzunehmen, um notfalls von \u00fcberall arbeiten zu k\u00f6nnen, solange es Internet g\u00e4be, wurde mit dem Kommentar abgetan &#8220;?? Aber die Homeoffice-Zeit ist doch dann vorbei. Da gilt Anwesenheitspflicht.&#8221;<\/p>\n\n\n\n<blockquote class=\"wp-block-quote is-layout-flow wp-block-quote-is-layout-flow\" style=\"font-style:italic;font-weight:200\"><p>Ich war der Annahme, wir reden von einer (theoretischen) Ausnahmesituation&#8230;.<\/p><\/blockquote>\n\n\n\n<p>Noch Ende 2020 trennten sich die Wege &#8211; und beim jetzigen Arbeitgeber habe ich die Thematik des unbezahlten Urlaubs f\u00fcr 2022 noch in der Probezeit angesprochen&#8230; and &#8216;here we are&#8217; \ud83d\ude42 <\/p>\n","protected":false},"excerpt":{"rendered":"<p>Same same &#8211; but different Die Tour in diesem Jahr soll nat\u00fcrlich anders sein, als die vorherige &#8211; aber eben doch nicht ganz.&hellip;<\/p>\n","protected":false},"author":1,"featured_media":0,"parent":0,"menu_order":0,"comment_status":"closed","ping_status":"closed","template":"","meta":{"footnotes":""},"class_list":["post-260","page","type-page","status-publish","hentry"],"_links":{"self":[{"href":"https:\/\/www.nordmeer-und-mehr.de\/index.php\/wp-json\/wp\/v2\/pages\/260","targetHints":{"allow":["GET"]}}],"collection":[{"href":"https:\/\/www.nordmeer-und-mehr.de\/index.php\/wp-json\/wp\/v2\/pages"}],"about":[{"href":"https:\/\/www.nordmeer-und-mehr.de\/index.php\/wp-json\/wp\/v2\/types\/page"}],"author":[{"embeddable":true,"href":"https:\/\/www.nordmeer-und-mehr.de\/index.php\/wp-json\/wp\/v2\/users\/1"}],"replies":[{"embeddable":true,"href":"https:\/\/www.nordmeer-und-mehr.de\/index.php\/wp-json\/wp\/v2\/comments?post=260"}],"version-history":[{"count":2,"href":"https:\/\/www.nordmeer-und-mehr.de\/index.php\/wp-json\/wp\/v2\/pages\/260\/revisions"}],"predecessor-version":[{"id":278,"href":"https:\/\/www.nordmeer-und-mehr.de\/index.php\/wp-json\/wp\/v2\/pages\/260\/revisions\/278"}],"wp:attachment":[{"href":"https:\/\/www.nordmeer-und-mehr.de\/index.php\/wp-json\/wp\/v2\/media?parent=260"}],"curies":[{"name":"wp","href":"https:\/\/api.w.org\/{rel}","templated":true}]}}