{"id":29,"date":"2022-05-13T01:33:24","date_gmt":"2022-05-12T23:33:24","guid":{"rendered":"https:\/\/www.nordmeer-und-mehr.de\/?page_id=29"},"modified":"2022-05-31T17:28:29","modified_gmt":"2022-05-31T15:28:29","slug":"die-crew","status":"publish","type":"page","link":"https:\/\/www.nordmeer-und-mehr.de\/index.php\/die-crew\/","title":{"rendered":"Die Crew"},"content":{"rendered":"\n<div class=\"wp-block-columns alignwide is-layout-flex wp-container-core-columns-is-layout-9d6595d7 wp-block-columns-is-layout-flex\">\n<div class=\"wp-block-column has-text-color has-background has-link-color wp-elements-10ea6d71009e2c9eb44a47fb1ece72d7 is-layout-flow wp-block-column-is-layout-flow\" style=\"background-color:#ffe97d;color:#000000;padding-top:2em;padding-right:2em;padding-bottom:2em;padding-left:2em\">\n<h2 class=\"wp-block-heading\" id=\"single\" style=\"font-size:40px\"><strong>Jens<\/strong><\/h2>\n\n\n\n<p class=\"has-normal-font-size\" style=\"line-height:1.5\"><strong>Nordmeer-fasziniert und verr\u00fcckt genug eine solche Tour wieder zu unternehmen<\/strong><\/p>\n\n\n\n<figure class=\"wp-block-image size-large is-resized is-style-rounded\"><img loading=\"lazy\" decoding=\"async\" src=\"https:\/\/www.nordmeer-und-mehr.de\/wp-content\/uploads\/2022\/05\/Jens-768x1024.jpg\" alt=\"Bild von Jens\" class=\"wp-image-31\" width=\"192\" height=\"256\"\/><\/figure>\n\n\n\n<hr class=\"wp-block-separator has-text-color has-css-opacity has-background is-style-wide\" style=\"background-color:#000000;color:#000000\"\/>\n\n\n\n<ul class=\"has-normal-font-size wp-block-list\"><li>Techniker<\/li><li>lebt seinen Traum<\/li><li>Skipper und f\u00fcr die komplette Tour verantwortlich<\/li><\/ul>\n\n\n\n<div class=\"wp-block-buttons alignfull is-horizontal is-content-justification-center is-layout-flex wp-container-core-buttons-is-layout-499968f5 wp-block-buttons-is-layout-flex\">\n<div class=\"wp-block-button has-custom-width wp-block-button__width-100 is-style-fill\"><a class=\"wp-block-button__link has-white-color has-text-color has-background no-border-radius\" href=\"https:\/\/www.nordmeer-und-mehr.de\/index.php\/jens\/\" style=\"background-color:#000000\">more&#8230;<\/a><\/div>\n<\/div>\n<\/div>\n\n\n\n<div class=\"wp-block-column has-text-color has-background has-link-color wp-elements-295e86a767d875b858162ae847bc2ca1 is-layout-flow wp-block-column-is-layout-flow\" style=\"background-color:#d1d1e1;color:#000000;padding-top:2em;padding-right:2em;padding-bottom:2em;padding-left:2em\">\n<h2 class=\"wp-block-heading\" id=\"family\" style=\"font-size:40px\"><strong>Andrea<\/strong><\/h2>\n\n\n\n<p class=\"has-normal-font-size\" style=\"line-height:1.5\"><strong>War bereits ein Mal mit auf Tour&#8230;. Tochter von Jens<\/strong> <\/p>\n\n\n\n<figure class=\"wp-block-image size-large is-resized is-style-rounded\"><img loading=\"lazy\" decoding=\"async\" src=\"https:\/\/www.nordmeer-und-mehr.de\/wp-content\/uploads\/2022\/05\/Andrea-1024x768.jpg\" alt=\"Bild von Andrea\" class=\"wp-image-38\" width=\"183\" height=\"137\" srcset=\"https:\/\/www.nordmeer-und-mehr.de\/wp-content\/uploads\/2022\/05\/Andrea-1024x768.jpg 1024w, https:\/\/www.nordmeer-und-mehr.de\/wp-content\/uploads\/2022\/05\/Andrea-300x225.jpg 300w, https:\/\/www.nordmeer-und-mehr.de\/wp-content\/uploads\/2022\/05\/Andrea-768x576.jpg 768w, https:\/\/www.nordmeer-und-mehr.de\/wp-content\/uploads\/2022\/05\/Andrea-1536x1152.jpg 1536w, https:\/\/www.nordmeer-und-mehr.de\/wp-content\/uploads\/2022\/05\/Andrea-2048x1536.jpg 2048w, https:\/\/www.nordmeer-und-mehr.de\/wp-content\/uploads\/2022\/05\/Andrea-850x638.jpg 850w\" sizes=\"auto, (max-width: 183px) 100vw, 183px\" \/><\/figure>\n\n\n\n<hr class=\"wp-block-separator has-css-opacity is-style-wide\"\/>\n\n\n\n<ul class=\"has-normal-font-size wp-block-list\"><li>eCommerce Administrator and Operator<\/li><li>&#8230;<\/li><\/ul>\n\n\n\n<div class=\"wp-block-buttons alignfull is-horizontal is-content-justification-center is-layout-flex wp-container-core-buttons-is-layout-499968f5 wp-block-buttons-is-layout-flex\">\n<div class=\"wp-block-button has-custom-width wp-block-button__width-100 is-style-fill\"><a class=\"wp-block-button__link has-white-color has-text-color has-background no-border-radius\" href=\"https:\/\/www.nordmeer-und-mehr.de\/index.php\/andrea\/\" style=\"background-color:#000000\">more&#8230;<\/a><\/div>\n<\/div>\n<\/div>\n\n\n\n<div class=\"wp-block-column has-text-color has-background has-link-color wp-elements-431dcde670f84d41e16604ef0f6f00a8 is-layout-flow wp-block-column-is-layout-flow\" style=\"background-color:#c0ebf1;color:#000000;padding-top:2em;padding-right:2em;padding-bottom:2em;padding-left:2em\">\n<h2 class=\"wp-block-heading\" id=\"patron\" style=\"font-size:40px\"><strong>Hans<\/strong><\/h2>\n\n\n\n<p class=\"has-normal-font-size\"><strong>Bisherige Erfahrungen beschr\u00e4nken sich auf K\u00fcstenn\u00e4he, liiert mit Andrea<\/strong><\/p>\n\n\n\n<figure class=\"wp-block-image size-large is-style-rounded\"><img loading=\"lazy\" decoding=\"async\" width=\"774\" height=\"1024\" src=\"https:\/\/www.nordmeer-und-mehr.de\/wp-content\/uploads\/2022\/05\/Hans-774x1024.jpg\" alt=\"\" class=\"wp-image-39\" srcset=\"https:\/\/www.nordmeer-und-mehr.de\/wp-content\/uploads\/2022\/05\/Hans-774x1024.jpg 774w, https:\/\/www.nordmeer-und-mehr.de\/wp-content\/uploads\/2022\/05\/Hans-227x300.jpg 227w, https:\/\/www.nordmeer-und-mehr.de\/wp-content\/uploads\/2022\/05\/Hans-768x1016.jpg 768w, https:\/\/www.nordmeer-und-mehr.de\/wp-content\/uploads\/2022\/05\/Hans-1161x1536.jpg 1161w, https:\/\/www.nordmeer-und-mehr.de\/wp-content\/uploads\/2022\/05\/Hans-1549x2048.jpg 1549w, https:\/\/www.nordmeer-und-mehr.de\/wp-content\/uploads\/2022\/05\/Hans-850x1124.jpg 850w, https:\/\/www.nordmeer-und-mehr.de\/wp-content\/uploads\/2022\/05\/Hans.jpg 1817w\" sizes=\"auto, (max-width: 774px) 100vw, 774px\" \/><\/figure>\n\n\n\n<hr class=\"wp-block-separator has-css-opacity is-style-wide\"\/>\n\n\n\n<ul class=\"has-normal-font-size wp-block-list\"><li>IT-Administrator<\/li><\/ul>\n\n\n\n<ul class=\"has-normal-font-size wp-block-list\"><li>&#8230;<\/li><\/ul>\n\n\n\n<div class=\"wp-block-buttons alignfull is-horizontal is-content-justification-center is-layout-flex wp-container-core-buttons-is-layout-499968f5 wp-block-buttons-is-layout-flex\">\n<div class=\"wp-block-button has-custom-width wp-block-button__width-100\"><a class=\"wp-block-button__link has-white-color has-text-color has-background no-border-radius\" href=\"https:\/\/www.nordmeer-und-mehr.de\/index.php\/hans\/\" style=\"background-color:#000000\">more&#8230;<\/a><\/div>\n<\/div>\n<\/div>\n<\/div>\n\n\n\n<p><\/p>\n","protected":false},"excerpt":{"rendered":"<p>Jens Nordmeer-fasziniert und verr\u00fcckt genug eine solche Tour wieder zu unternehmen Techniker lebt seinen Traum Skipper und f\u00fcr die komplette Tour verantwortlich Andrea&hellip;<\/p>\n","protected":false},"author":1,"featured_media":0,"parent":0,"menu_order":0,"comment_status":"closed","ping_status":"closed","template":"","meta":{"footnotes":""},"class_list":["post-29","page","type-page","status-publish","hentry"],"_links":{"self":[{"href":"https:\/\/www.nordmeer-und-mehr.de\/index.php\/wp-json\/wp\/v2\/pages\/29","targetHints":{"allow":["GET"]}}],"collection":[{"href":"https:\/\/www.nordmeer-und-mehr.de\/index.php\/wp-json\/wp\/v2\/pages"}],"about":[{"href":"https:\/\/www.nordmeer-und-mehr.de\/index.php\/wp-json\/wp\/v2\/types\/page"}],"author":[{"embeddable":true,"href":"https:\/\/www.nordmeer-und-mehr.de\/index.php\/wp-json\/wp\/v2\/users\/1"}],"replies":[{"embeddable":true,"href":"https:\/\/www.nordmeer-und-mehr.de\/index.php\/wp-json\/wp\/v2\/comments?post=29"}],"version-history":[{"count":6,"href":"https:\/\/www.nordmeer-und-mehr.de\/index.php\/wp-json\/wp\/v2\/pages\/29\/revisions"}],"predecessor-version":[{"id":227,"href":"https:\/\/www.nordmeer-und-mehr.de\/index.php\/wp-json\/wp\/v2\/pages\/29\/revisions\/227"}],"wp:attachment":[{"href":"https:\/\/www.nordmeer-und-mehr.de\/index.php\/wp-json\/wp\/v2\/media?parent=29"}],"curies":[{"name":"wp","href":"https:\/\/api.w.org\/{rel}","templated":true}]}}