{"id":313,"date":"2022-06-06T03:35:43","date_gmt":"2022-06-06T01:35:43","guid":{"rendered":"https:\/\/www.nordmeer-und-mehr.de\/?page_id=313"},"modified":"2022-06-06T21:19:22","modified_gmt":"2022-06-06T19:19:22","slug":"ais-position","status":"publish","type":"page","link":"https:\/\/www.nordmeer-und-mehr.de\/index.php\/ais-position\/","title":{"rendered":"AIS-Position"},"content":{"rendered":"\n<p>Auch auf <a href=\"https:\/\/www.marinetraffic.com\" data-type=\"URL\" data-id=\"https:\/\/www.marinetraffic.com\" target=\"_blank\" rel=\"noreferrer noopener\">marinetraffic.com<\/a> l\u00e4sst sich die Position des Schiffes verfolgen. Allerdings hatten wir w\u00e4hrend der letzten Tour hier Probleme. Der Vollst\u00e4ndigkeit halber m\u00f6chte ich diese Art der Standortanzeige bzw. -nachverfolgung hier auflisten.<\/p>\n\n\n\n<!--<a href=\"https:\/\/www.marinetraffic.com\/en\/ais\/home\/centerx:5.991187\/centery:58.44867\/zoom:8\/mmsi:211734450\/shipid:5585633\" target=\"_blank\" rel=\"noopener\">Marinetraffic<\/a> mit der angegebenen MMSI Nummer folgen<br \/><div><br \/><br \/>-->\n<br \/>\nconfigured map\n<script type=\"text\/javascript\">\n width='100%';  \/\/ the width of the embedded map in pixels or percentage\n height='450';  \/\/ the height of the embedded map in pixels or percentage\n border='1';  \/\/ the width of the border around the map (zero means no border)\n shownames='false'; \/\/ to display ship names on the map (true or false)\n latitude='37.4460'; \/\/ the latitude of the center of the map, in decimal degrees\n longitude='24.9467'; \/\/ the longitude of the center of the map, in decimal degrees\n zoom='7';  \/\/ the zoom level of the map (values between 2 and 17)\n maptype='1';  \/\/ use 0 for Normal Map, 1 for Satellite\n trackvessel='211734450'; \/\/ MMSI of a vessel (note: vessel will be displayed only if within range of the system) - overrides \"zoom\" option\n fleet='frau.andrea.brecht@gmail.com';  \/\/ the registered email address of a user-defined fleet (user's default fleet is used)\n<\/script>\n  <script src=\"\/\/www.marinetraffic.com\/js\/embed.js\" type=\"text\/javascript\"><\/script>\n<!--<script type=\"text\/javascript\">\n width='100%';  \/\/ the width of the embedded map in pixels or percentage\n height='450';  \/\/ the height of the embedded map in pixels or percentage\n border='1';  \/\/ the width of the border around the map (zero means no border)\n shownames='false'; \/\/ to display ship names on the map (true or false)\n latitude='37.4460'; \/\/ the latitude of the center of the map, in decimal degrees\n longitude='24.9467'; \/\/ the longitude of the center of the map, in decimal degrees\n zoom='9';  \/\/ the zoom level of the map (values between 2 and 17)\n maptype='0';  \/\/ use 0 for Normal Map, 1 for Satellite\n trackvessel='0'; \/\/ MMSI of a vessel (note: vessel will be displayed only if within range of the system) - overrides \"zoom\" option\n fleet='frau.andrea.brecht@gmail.com';  \/\/ the registered email address of a user-defined fleet (user's default fleet is used)\n<\/script>\n<script src=\"\/\/www.marinetraffic.com\/js\/embed.js\" type=\"text\/javascript\"><\/script>-->\n","protected":false},"excerpt":{"rendered":"<p>Auch auf marinetraffic.com l\u00e4sst sich die Position des Schiffes verfolgen. Allerdings hatten wir w\u00e4hrend der letzten Tour hier Probleme. Der Vollst\u00e4ndigkeit halber m\u00f6chte&hellip;<\/p>\n","protected":false},"author":1,"featured_media":0,"parent":0,"menu_order":0,"comment_status":"closed","ping_status":"closed","template":"","meta":{"footnotes":""},"class_list":["post-313","page","type-page","status-publish","hentry"],"_links":{"self":[{"href":"https:\/\/www.nordmeer-und-mehr.de\/index.php\/wp-json\/wp\/v2\/pages\/313","targetHints":{"allow":["GET"]}}],"collection":[{"href":"https:\/\/www.nordmeer-und-mehr.de\/index.php\/wp-json\/wp\/v2\/pages"}],"about":[{"href":"https:\/\/www.nordmeer-und-mehr.de\/index.php\/wp-json\/wp\/v2\/types\/page"}],"author":[{"embeddable":true,"href":"https:\/\/www.nordmeer-und-mehr.de\/index.php\/wp-json\/wp\/v2\/users\/1"}],"replies":[{"embeddable":true,"href":"https:\/\/www.nordmeer-und-mehr.de\/index.php\/wp-json\/wp\/v2\/comments?post=313"}],"version-history":[{"count":4,"href":"https:\/\/www.nordmeer-und-mehr.de\/index.php\/wp-json\/wp\/v2\/pages\/313\/revisions"}],"predecessor-version":[{"id":339,"href":"https:\/\/www.nordmeer-und-mehr.de\/index.php\/wp-json\/wp\/v2\/pages\/313\/revisions\/339"}],"wp:attachment":[{"href":"https:\/\/www.nordmeer-und-mehr.de\/index.php\/wp-json\/wp\/v2\/media?parent=313"}],"curies":[{"name":"wp","href":"https:\/\/api.w.org\/{rel}","templated":true}]}}