{"id":315,"date":"2022-06-05T01:07:27","date_gmt":"2022-06-04T23:07:27","guid":{"rendered":"https:\/\/www.nordmeer-und-mehr.de\/?page_id=315"},"modified":"2022-06-06T04:34:49","modified_gmt":"2022-06-06T02:34:49","slug":"gps-position","status":"publish","type":"page","link":"https:\/\/www.nordmeer-und-mehr.de\/index.php\/gps-position\/","title":{"rendered":"GPS Position"},"content":{"rendered":"\n<p>Zur zuverl\u00e4ssigen Anzeige unserer  Position ist bei dieser Tour das erste Mal der Garmin inReach Mini2 dabei. \u00dcber das Portal von Garmin l\u00e4sst sich die Anzeige der aktuellen Position aktivieren und freischalten &#8211; je nach Bedarf &#8211; als passwortgesch\u00fctzte Ansicht oder frei zug\u00e4nglich.<\/p>\n\n\n\n<p><a href=\"https:\/\/share.garmin.com\/Tahnee\">https:\/\/share.garmin.com\/Tahnee<\/a><\/p>\n\n\n\n<iframe loading=\"lazy\" src=\"https:\/\/share.garmin.com\/Tahnee\" alignment=\"center\" valignment=\"bottom\" width=\"90%\" height=\"800px\"><\/iframe>\n","protected":false},"excerpt":{"rendered":"<p>Zur zuverl\u00e4ssigen Anzeige unserer Position ist bei dieser Tour das erste Mal der Garmin inReach Mini2 dabei. \u00dcber das Portal von Garmin l\u00e4sst&hellip;<\/p>\n","protected":false},"author":1,"featured_media":0,"parent":0,"menu_order":0,"comment_status":"closed","ping_status":"closed","template":"","meta":{"footnotes":""},"class_list":["post-315","page","type-page","status-publish","hentry"],"_links":{"self":[{"href":"https:\/\/www.nordmeer-und-mehr.de\/index.php\/wp-json\/wp\/v2\/pages\/315","targetHints":{"allow":["GET"]}}],"collection":[{"href":"https:\/\/www.nordmeer-und-mehr.de\/index.php\/wp-json\/wp\/v2\/pages"}],"about":[{"href":"https:\/\/www.nordmeer-und-mehr.de\/index.php\/wp-json\/wp\/v2\/types\/page"}],"author":[{"embeddable":true,"href":"https:\/\/www.nordmeer-und-mehr.de\/index.php\/wp-json\/wp\/v2\/users\/1"}],"replies":[{"embeddable":true,"href":"https:\/\/www.nordmeer-und-mehr.de\/index.php\/wp-json\/wp\/v2\/comments?post=315"}],"version-history":[{"count":3,"href":"https:\/\/www.nordmeer-und-mehr.de\/index.php\/wp-json\/wp\/v2\/pages\/315\/revisions"}],"predecessor-version":[{"id":331,"href":"https:\/\/www.nordmeer-und-mehr.de\/index.php\/wp-json\/wp\/v2\/pages\/315\/revisions\/331"}],"wp:attachment":[{"href":"https:\/\/www.nordmeer-und-mehr.de\/index.php\/wp-json\/wp\/v2\/media?parent=315"}],"curies":[{"name":"wp","href":"https:\/\/api.w.org\/{rel}","templated":true}]}}