{"id":731,"date":"2022-07-10T21:43:33","date_gmt":"2022-07-10T19:43:33","guid":{"rendered":"https:\/\/www.nordmeer-und-mehr.de\/?page_id=731"},"modified":"2022-07-10T21:51:27","modified_gmt":"2022-07-10T19:51:27","slug":"trivia","status":"publish","type":"page","link":"https:\/\/www.nordmeer-und-mehr.de\/index.php\/trivia\/","title":{"rendered":"Trivia"},"content":{"rendered":"\n<p><strong>Bacon for free<\/strong><\/p>\n\n\n\n<p>Wir waren in einem Lebensmittelgesch\u00e4ft in Husavik, um u.a. Zutaten f\u00fcr Spaghetti Carbonara einzukaufen. Beim Scannen des Specks ben\u00f6tigte der Kassierer mehrere erfolglose Versuche, und Hans meinte daraufhin zu ihm &#8220;If you scan it three times, and it doesn&#8217;t work, it&#8217;s free, right?&#8221;. Daraufhin meinte er lachend &#8220;OK&#8221;, und legte den Speck zu den bereits eingescannten Artikeln. Auf unsere Nachfrage: &#8220;Really?!?&#8221; meinte er nur: &#8220;My shop, my rules&#8221;.<\/p>\n","protected":false},"excerpt":{"rendered":"<p>Bacon for free Wir waren in einem Lebensmittelgesch\u00e4ft in Husavik, um u.a. Zutaten f\u00fcr Spaghetti Carbonara einzukaufen. Beim Scannen des Specks ben\u00f6tigte der&hellip;<\/p>\n","protected":false},"author":2,"featured_media":0,"parent":0,"menu_order":0,"comment_status":"open","ping_status":"closed","template":"","meta":{"footnotes":""},"class_list":["post-731","page","type-page","status-publish","hentry"],"_links":{"self":[{"href":"https:\/\/www.nordmeer-und-mehr.de\/index.php\/wp-json\/wp\/v2\/pages\/731","targetHints":{"allow":["GET"]}}],"collection":[{"href":"https:\/\/www.nordmeer-und-mehr.de\/index.php\/wp-json\/wp\/v2\/pages"}],"about":[{"href":"https:\/\/www.nordmeer-und-mehr.de\/index.php\/wp-json\/wp\/v2\/types\/page"}],"author":[{"embeddable":true,"href":"https:\/\/www.nordmeer-und-mehr.de\/index.php\/wp-json\/wp\/v2\/users\/2"}],"replies":[{"embeddable":true,"href":"https:\/\/www.nordmeer-und-mehr.de\/index.php\/wp-json\/wp\/v2\/comments?post=731"}],"version-history":[{"count":3,"href":"https:\/\/www.nordmeer-und-mehr.de\/index.php\/wp-json\/wp\/v2\/pages\/731\/revisions"}],"predecessor-version":[{"id":743,"href":"https:\/\/www.nordmeer-und-mehr.de\/index.php\/wp-json\/wp\/v2\/pages\/731\/revisions\/743"}],"wp:attachment":[{"href":"https:\/\/www.nordmeer-und-mehr.de\/index.php\/wp-json\/wp\/v2\/media?parent=731"}],"curies":[{"name":"wp","href":"https:\/\/api.w.org\/{rel}","templated":true}]}}